{"id":10,"date":"2016-02-09T14:28:29","date_gmt":"2016-02-09T14:28:29","guid":{"rendered":"http:\/\/localhost\/suquia\/?page_id=10"},"modified":"2017-02-13T17:28:30","modified_gmt":"2017-02-13T20:28:30","slug":"quienes-somos","status":"publish","type":"page","link":"https:\/\/marmolessuquia.com\/?page_id=10","title":{"rendered":"Quienes Somos"},"content":{"rendered":"<div class='content-column two_third'><h1>Nuestra Historia<\/h1>\n<p>Marmoles Suquia inicio sus actividades en 1973 por el se\u00f1or Arturo Blas Sanso, La idea de poner una marmoler\u00eda le surgi\u00f3 despu\u00e9s de haber viajado a la Pampa por cuestiones laborales y ver que ahi no llegaban mesadas de m\u00e1rmol y granito. Al ver este nicho interesante, decide fundar <strong><u>Marmoles Suquia<\/u><\/strong> . En el a\u00f1o 1997 quedo a cargo el Sr. Pablo Greco, lo cual la empresa ya cuenta con mas de 42 a\u00f1os de presencia y trayectoria en el mercado.<\/p>\n<p>Desde el comienzo de nuestras actividades, nos especializamos en el trabajo, dise\u00f1o y colocaci\u00f3n de las piedras naturales y sint\u00e9ticas.<\/p>\n<p>Con el transcurso de los a\u00f1os hemos incorporado nuevas l\u00edneas de productos como el Neolith y el Silestone, con el objetivo de proveer a nuestros clientes una soluci\u00f3n integral a sus necesidades.<\/p>\n<p>Contamos con un excelente grupo el cual se capacita en forma permanente a fin de estar actualizado en los cambios e innovaciones tecnol\u00f3gicas que se presentan en nuestro \u00e1mbito.<\/p>\n<p>Nuestro objetivo principal es lograr una permanente mejora en nuestras actividades a fin de dar un servicio que asegure una entrega a tiempo y forma, lo cual nos obliga a un estricto cumplimiento de nuestro manual de garant\u00eda de calidad y procedimiento para lograr una satisfacci\u00f3n plena de nuestros clientes.<\/p>\n<p>Es importante se\u00f1alar adem\u00e1s que nuestros servicios est\u00e1n fortalecidos por contar con un stock permanente de los productos de nuestra comercializaci\u00f3n.<\/p>\n<p>En 2016 con los fines de poder abastecer al cliente, decidimos incorporar la comercializaci\u00f3n de amoblamientos de la marca <strong><u>Reno. <\/u><\/strong>As\u00ed logramos la combinaci\u00f3n perfecta. Muebles de cocina, vestidores y placares con materiales de marmoler\u00eda.<\/p><\/div>\n<div class='content-column one_third last_column'><p><a href=\"http:\/\/www.marmolessuquia.com\/wp-content\/uploads\/2016\/02\/img-quienes-somos.jpg\" rel=\"attachment wp-att-659\" data-rel=\"lightbox-image-0\" data-rl_title=\"\" data-rl_caption=\"\" title=\"\"><img loading=\"lazy\" decoding=\"async\" class=\"size-full wp-image-659 alignright\" src=\"http:\/\/www.marmolessuquia.com\/wp-content\/uploads\/2016\/02\/img-quienes-somos.jpg\" alt=\"img-quienes-somos\" width=\"213\" height=\"159\" \/><\/a><\/p><\/div><div class='clear_column'><\/div>\n","protected":false},"excerpt":{"rendered":"","protected":false},"author":1,"featured_media":0,"parent":0,"menu_order":0,"comment_status":"closed","ping_status":"closed","template":"page-templates\/quienes-somos.php","meta":{"_acf_changed":false,"footnotes":""},"class_list":["post-10","page","type-page","status-publish","hentry"],"acf":[],"_links":{"self":[{"href":"https:\/\/marmolessuquia.com\/index.php?rest_route=\/wp\/v2\/pages\/10","targetHints":{"allow":["GET"]}}],"collection":[{"href":"https:\/\/marmolessuquia.com\/index.php?rest_route=\/wp\/v2\/pages"}],"about":[{"href":"https:\/\/marmolessuquia.com\/index.php?rest_route=\/wp\/v2\/types\/page"}],"author":[{"embeddable":true,"href":"https:\/\/marmolessuquia.com\/index.php?rest_route=\/wp\/v2\/users\/1"}],"replies":[{"embeddable":true,"href":"https:\/\/marmolessuquia.com\/index.php?rest_route=%2Fwp%2Fv2%2Fcomments&post=10"}],"version-history":[{"count":9,"href":"https:\/\/marmolessuquia.com\/index.php?rest_route=\/wp\/v2\/pages\/10\/revisions"}],"predecessor-version":[{"id":672,"href":"https:\/\/marmolessuquia.com\/index.php?rest_route=\/wp\/v2\/pages\/10\/revisions\/672"}],"wp:attachment":[{"href":"https:\/\/marmolessuquia.com\/index.php?rest_route=%2Fwp%2Fv2%2Fmedia&parent=10"}],"curies":[{"name":"wp","href":"https:\/\/api.w.org\/{rel}","templated":true}]}}